{"id":13,"date":"2016-01-05T12:16:19","date_gmt":"2016-01-05T12:16:19","guid":{"rendered":"http:\/\/atatlar.com\/?page_id=13"},"modified":"2016-01-05T12:18:15","modified_gmt":"2016-01-05T12:18:15","slug":"urunler","status":"publish","type":"page","link":"https:\/\/atatlar.com\/?page_id=13","title":{"rendered":"\u00dcr\u00fcnler"},"content":{"rendered":"<p><strong>Tekstil Sekt\u00f6r\u00fc<\/strong><\/p>\n<p>Her t\u00fcrl\u00fc do\u011fal ve sentetik elyaflar:<\/p>\n<p>Pamuk Elyaf\u0131<\/p>\n<p>Polyester Elyaf\u0131<\/p>\n<p>HCS (Hollow Conjugated Silicon)<\/p>\n<p>Viskon<\/p>\n<p>Di\u011fer Sentetik elyaflar<\/p>\n<p>&nbsp;<\/p>\n<p><strong>G\u0131da Sekt\u00f6r\u00fc:<\/strong><\/p>\n<p>Her t\u00fcrl\u00fc bakliyat, tohum ve \u00e7ekirdek \u00fcr\u00fcnleri:<\/p>\n<p>Fasulye<\/p>\n<p>Nohut<\/p>\n<p>Ye\u015fil Mercimek<\/p>\n<p>K\u0131rm\u0131z\u0131 Mercimek<\/p>\n<p>Sar\u0131 Mercimek<\/p>\n<p>Susam<\/p>\n<p>Kimyon<\/p>\n<p>\u00c7\u00f6rek Otu<\/p>\n<p>Patlam\u0131\u015f M\u0131s\u0131r<\/p>\n","protected":false},"excerpt":{"rendered":"<p>Tekstil Sekt\u00f6r\u00fc Her t\u00fcrl\u00fc do\u011fal ve sentetik elyaflar: Pamuk Elyaf\u0131 Polyester Elyaf\u0131 HCS (Hollow Conjugated Silicon) Viskon Di\u011fer Sentetik elyaflar &nbsp; G\u0131da Sekt\u00f6r\u00fc: Her t\u00fcrl\u00fc bakliyat, tohum ve \u00e7ekirdek \u00fcr\u00fcnleri: Fasulye Nohut Ye\u015fil Mercimek K\u0131rm\u0131z\u0131 Mercimek Sar\u0131 Mercimek Susam Kimyon \u00c7\u00f6rek Otu Patlam\u0131\u015f M\u0131s\u0131r<\/p>\n","protected":false},"author":1,"featured_media":0,"parent":0,"menu_order":0,"comment_status":"closed","ping_status":"closed","template":"page-templates\/page_front-page.php","meta":{"footnotes":""},"class_list":["post-13","page","type-page","status-publish","hentry"],"_links":{"self":[{"href":"https:\/\/atatlar.com\/index.php?rest_route=\/wp\/v2\/pages\/13","targetHints":{"allow":["GET"]}}],"collection":[{"href":"https:\/\/atatlar.com\/index.php?rest_route=\/wp\/v2\/pages"}],"about":[{"href":"https:\/\/atatlar.com\/index.php?rest_route=\/wp\/v2\/types\/page"}],"author":[{"embeddable":true,"href":"https:\/\/atatlar.com\/index.php?rest_route=\/wp\/v2\/users\/1"}],"replies":[{"embeddable":true,"href":"https:\/\/atatlar.com\/index.php?rest_route=%2Fwp%2Fv2%2Fcomments&post=13"}],"version-history":[{"count":2,"href":"https:\/\/atatlar.com\/index.php?rest_route=\/wp\/v2\/pages\/13\/revisions"}],"predecessor-version":[{"id":18,"href":"https:\/\/atatlar.com\/index.php?rest_route=\/wp\/v2\/pages\/13\/revisions\/18"}],"wp:attachment":[{"href":"https:\/\/atatlar.com\/index.php?rest_route=%2Fwp%2Fv2%2Fmedia&parent=13"}],"curies":[{"name":"wp","href":"https:\/\/api.w.org\/{rel}","templated":true}]}}