{"id":15,"date":"2016-01-05T12:16:52","date_gmt":"2016-01-05T12:16:52","guid":{"rendered":"http:\/\/atatlar.com\/?page_id=15"},"modified":"2016-01-05T12:17:52","modified_gmt":"2016-01-05T12:17:52","slug":"servisler","status":"publish","type":"page","link":"https:\/\/atatlar.com\/?page_id=15","title":{"rendered":"Servisler"},"content":{"rendered":"<p><strong>Depolama:<\/strong><\/p>\n<p>M\u00fc\u015fterilerimize k\u0131smi veya komple kapal\u0131 depolama hizmeti veriyoruz. Firmam\u0131za ait depolar\u0131m\u0131z, kantarlar\u0131m\u0131z, ve eleme makinalar\u0131m\u0131z Mersin Uluslararas\u0131 Liman\u0131\u2019na 2km mesafededir. Yakla\u015f\u0131k 25.000 metrekare depo sahas\u0131n\u0131 m\u00fc\u015fterilerimizden gelen talepler do\u011frultusunda kullan\u0131ma sunuyoruz.<\/p>\n<p>&nbsp;<\/p>\n<p>Forklift, halla\u00e7lama, numune alma, klasifiye etme, sortex, elle se\u00e7me, eleme, tart\u0131m ve paketleme hizmetlerini sunmaktay\u0131z. Tecr\u00fcbeli personelimiz modern makinelerimizle birlikte b\u00fct\u00fcn i\u015flemleri uluslaras\u0131 standartlara uygun olarak yapmaktad\u0131r.<\/p>\n<p>&nbsp;<\/p>\n<p><strong>So\u011fuk Hava Depolama:<\/strong><\/p>\n<p>En iyi malzemelerle donat\u0131lm\u0131\u015f, iklimlendirmeli ve nem kontrol teknolojili so\u011fuk hava depo alanlar\u0131m\u0131z ile m\u00fc\u015fterilerimizin so\u011fuk hava depolama ihtiyac\u0131n\u0131 kar\u015f\u0131lamaktay\u0131z.<\/p>\n<p><strong>Lojistik, Antrepo ve Transit Ticaret Servisleri:<\/strong><\/p>\n<p>Mersin, sadece T\u00fcrkiye\u2019nin de\u011fil, ayn\u0131 zamanda b\u00fct\u00fcn Orta-Do\u011funun lojistik \u00fcss\u00fc olma yolundad\u0131r. Bundan dolay\u0131, lojistik aktivitelerinin ve transit ticaret operasyonlar\u0131n\u0131n do\u011fru ve verimli bir \u015fekilde koordine edilip uygulanmas\u0131 gerekmektedir. Bilgimiz, tecr\u00fcbemiz, ve de\u011ferlerimizle, m\u00fc\u015fterilerimizin ve i\u015f ortaklar\u0131m\u0131z\u0131n ihtiya\u00e7lar\u0131 do\u011frultusunda gerekli i\u015flemleri yapmaktay\u0131z.<\/p>\n<p><strong>G\u00f6zetim ve Ekspertiz Servisi:<\/strong><\/p>\n<p>Kalite, denetleme, numune al\u0131m\u0131 ve analizi, ve tart\u0131m i\u015flemlerine ihtiya\u00e7 duyuldu\u011funda g\u00f6zetim ve ekspertiz servislerimizi sunuyoruz. Gelen talepler do\u011frultusunda, b\u00fct\u00fcn i\u015flemleri limanda, kendi depolar\u0131m\u0131zda, ya da m\u00fc\u015fterinin alan\u0131nda yapabiliriz.<\/p>\n<p><strong>Dan\u0131\u015fmanl\u0131k Hizmeti ve Piyasa Raporlar\u0131:<\/strong><\/p>\n<p>Tar\u0131m \u00fcr\u00fcnleri uluslaras\u0131 ticareti konusunda 65 senelik tecr\u00fcbemiz bize geni\u015f bir perspektif kazand\u0131rm\u0131\u015ft\u0131r. \u0130htiya\u00e7 duyuldu\u011fu zaman, m\u00fc\u015fterilerimize dan\u0131\u015fmanl\u0131k hizmeti verip, bilgi ve deneyimlerimizi aktar\u0131yoruz. Bununla beraber, piyasalarla ilgili, bizzat kendimiz taraf\u0131ndan haz\u0131rlanm\u0131\u015f raporlar\u0131 m\u00fc\u015fterilerimize sunmaktay\u0131z.<\/p>\n","protected":false},"excerpt":{"rendered":"<p>Depolama: M\u00fc\u015fterilerimize k\u0131smi veya komple kapal\u0131 depolama hizmeti veriyoruz. Firmam\u0131za ait depolar\u0131m\u0131z, kantarlar\u0131m\u0131z, ve eleme makinalar\u0131m\u0131z Mersin Uluslararas\u0131 Liman\u0131\u2019na 2km mesafededir. Yakla\u015f\u0131k 25.000 metrekare depo sahas\u0131n\u0131 m\u00fc\u015fterilerimizden gelen talepler do\u011frultusunda kullan\u0131ma sunuyoruz. &nbsp; Forklift, halla\u00e7lama, numune alma, klasifiye etme, sortex, elle se\u00e7me, eleme, tart\u0131m ve paketleme hizmetlerini sunmaktay\u0131z. Tecr\u00fcbeli personelimiz modern makinelerimizle birlikte b\u00fct\u00fcn i\u015flemleri [&hellip;]<\/p>\n","protected":false},"author":1,"featured_media":0,"parent":0,"menu_order":0,"comment_status":"closed","ping_status":"closed","template":"page-templates\/page_front-page.php","meta":{"footnotes":""},"class_list":["post-15","page","type-page","status-publish","hentry"],"_links":{"self":[{"href":"https:\/\/atatlar.com\/index.php?rest_route=\/wp\/v2\/pages\/15","targetHints":{"allow":["GET"]}}],"collection":[{"href":"https:\/\/atatlar.com\/index.php?rest_route=\/wp\/v2\/pages"}],"about":[{"href":"https:\/\/atatlar.com\/index.php?rest_route=\/wp\/v2\/types\/page"}],"author":[{"embeddable":true,"href":"https:\/\/atatlar.com\/index.php?rest_route=\/wp\/v2\/users\/1"}],"replies":[{"embeddable":true,"href":"https:\/\/atatlar.com\/index.php?rest_route=%2Fwp%2Fv2%2Fcomments&post=15"}],"version-history":[{"count":2,"href":"https:\/\/atatlar.com\/index.php?rest_route=\/wp\/v2\/pages\/15\/revisions"}],"predecessor-version":[{"id":17,"href":"https:\/\/atatlar.com\/index.php?rest_route=\/wp\/v2\/pages\/15\/revisions\/17"}],"wp:attachment":[{"href":"https:\/\/atatlar.com\/index.php?rest_route=%2Fwp%2Fv2%2Fmedia&parent=15"}],"curies":[{"name":"wp","href":"https:\/\/api.w.org\/{rel}","templated":true}]}}