{"id":25,"date":"2016-01-05T12:20:13","date_gmt":"2016-01-05T12:20:13","guid":{"rendered":"http:\/\/atatlar.com\/?page_id=25"},"modified":"2019-05-21T05:25:15","modified_gmt":"2019-05-21T05:25:15","slug":"hakkimizda","status":"publish","type":"page","link":"https:\/\/atatlar.com\/?page_id=25","title":{"rendered":"Hakk\u0131m\u0131zda"},"content":{"rendered":"<p>Firmam\u0131z 1951 y\u0131l\u0131nda kurulmu\u015f olup, emtia ve tar\u0131m \u00fcr\u00fcnlerinin uluslararas\u0131 ticareti alan\u0131nda faaliyet g\u00f6stermektedir. Tekstil ve g\u0131da sekt\u00f6rlerine 3 jenerasyondur hizmet vermeye devam ediyoruz. Amac\u0131m\u0131z m\u00fckemmel servis kalitesini ve g\u00fcveni m\u00fc\u015fterilerimize sunmakt\u0131r.<\/p>\n<p>Emtia ticaretinin yan\u0131s\u0131ra, depolama, lojistik operasyon y\u00f6netimi, g\u00f6zetim ve dan\u0131\u015fmanl\u0131k alanlar\u0131nda da servis vermekteyiz.<\/p>\n<p>Merkez ofisimiz Mersin\u2019de olup, Istanbul\u2019da kontak ofisimiz mevcuttur. Yakla\u015f\u0131k 25.000 metrekarelik depo alanlar\u0131m\u0131z, Mersin Uluslararas\u0131 Liman\u0131\u2019na \u00e7ok yak\u0131n mesafededir.<\/p>\n","protected":false},"excerpt":{"rendered":"<p>Firmam\u0131z 1951 y\u0131l\u0131nda kurulmu\u015f olup, emtia ve tar\u0131m \u00fcr\u00fcnlerinin uluslararas\u0131 ticareti alan\u0131nda faaliyet g\u00f6stermektedir. Tekstil ve g\u0131da sekt\u00f6rlerine 3 jenerasyondur hizmet vermeye devam ediyoruz. Amac\u0131m\u0131z m\u00fckemmel servis kalitesini ve g\u00fcveni m\u00fc\u015fterilerimize sunmakt\u0131r. Emtia ticaretinin yan\u0131s\u0131ra, depolama, lojistik operasyon y\u00f6netimi, g\u00f6zetim ve dan\u0131\u015fmanl\u0131k alanlar\u0131nda da servis vermekteyiz. Merkez ofisimiz Mersin\u2019de olup, Istanbul\u2019da kontak ofisimiz mevcuttur. Yakla\u015f\u0131k [&hellip;]<\/p>\n","protected":false},"author":1,"featured_media":0,"parent":0,"menu_order":0,"comment_status":"closed","ping_status":"closed","template":"page-templates\/page_fullwidth.php","meta":{"footnotes":""},"class_list":["post-25","page","type-page","status-publish","hentry"],"_links":{"self":[{"href":"https:\/\/atatlar.com\/index.php?rest_route=\/wp\/v2\/pages\/25","targetHints":{"allow":["GET"]}}],"collection":[{"href":"https:\/\/atatlar.com\/index.php?rest_route=\/wp\/v2\/pages"}],"about":[{"href":"https:\/\/atatlar.com\/index.php?rest_route=\/wp\/v2\/types\/page"}],"author":[{"embeddable":true,"href":"https:\/\/atatlar.com\/index.php?rest_route=\/wp\/v2\/users\/1"}],"replies":[{"embeddable":true,"href":"https:\/\/atatlar.com\/index.php?rest_route=%2Fwp%2Fv2%2Fcomments&post=25"}],"version-history":[{"count":3,"href":"https:\/\/atatlar.com\/index.php?rest_route=\/wp\/v2\/pages\/25\/revisions"}],"predecessor-version":[{"id":42,"href":"https:\/\/atatlar.com\/index.php?rest_route=\/wp\/v2\/pages\/25\/revisions\/42"}],"wp:attachment":[{"href":"https:\/\/atatlar.com\/index.php?rest_route=%2Fwp%2Fv2%2Fmedia&parent=25"}],"curies":[{"name":"wp","href":"https:\/\/api.w.org\/{rel}","templated":true}]}}